{"id":8,"date":"2021-12-16T15:06:07","date_gmt":"2021-12-16T14:06:07","guid":{"rendered":"https:\/\/cdesign-agence.com\/?page_id=8"},"modified":"2021-12-16T16:48:00","modified_gmt":"2021-12-16T15:48:00","slug":"agence-de-design-et-agencement-despaces","status":"publish","type":"page","link":"https:\/\/cdesign-agence.com\/","title":{"rendered":"Accueil"},"content":{"rendered":"<div id=\"sp-page\" class=\"spBgcover sp-content-4\" style=\"background-color: rgb(255, 255, 255); font-family: 'Helvetica Neue', Arial, sans-serif; font-weight: 400;\">\n<section id=\"sp-ks8a8s\" class=\"sp-el-section \" style=\"width: 600px; max-width: 100%; padding: 10px;\">\n<div id=\"sp-vw3kvy\" class=\"sp-el-row sm:sp-flex sp-justify-between sp-w-full  sp-m-auto\" style=\"padding: 0px; width: auto; max-width: 1000px;\">\n<div id=\"sp-ggzp6w\" class=\"sp-el-col sp-p-4  sp-w-full\" style=\"width: calc(100% - 0px); padding: 10px;\">\n<figure id=\"sp-brhhwi\" class=\"sp-image-wrapper\" style=\"margin-top: 0px; padding: 10px; text-align: center;\"><span><img src=\"https:\/\/cdesign-agence.com\/wp-content\/uploads\/2021\/12\/DESSIN-CDESIGN.png\" alt=\"\" data-mobile-visibility=\".sp-image-block-brhhwi|false\" data-desktop-visibility=\".sp-image-block-brhhwi|false\" srcset=\" https:\/\/cdesign-agence.com\/wp-content\/uploads\/2021\/12\/DESSIN-CDESIGN-150x150.png 150w, https:\/\/cdesign-agence.com\/wp-content\/uploads\/2021\/12\/DESSIN-CDESIGN-300x300.png 300w, https:\/\/cdesign-agence.com\/wp-content\/uploads\/2021\/12\/DESSIN-CDESIGN.png 1000w\" class=\"sp-image-block-brhhwi\"><\/span><\/figure>\n<div id=\"sp-jdj1i9\" data-mobile-css=\"\" data-mobile-visibility=\".sp-text-wrapper-jdj1i9|false\" data-desktop-visibility=\".sp-text-wrapper-jdj1i9|false\" class=\"sp-css-target sp-text-wrapper sp-text-wrapper-jdj1i9\" style=\"text-transform: uppercase; font-size: 15px; font-family: Montserrat; color: rgb(50, 27, 38); padding: 10px; margin-top: 0px; text-align: center;\">\n<p>Site en construction<\/p>\n<\/div>\n<h1 id=\"sp-jkhbii\" data-mobile-css=\"\" data-mobile-visibility=\".sp-headline-block-jkhbii|false\" data-desktop-visibility=\".sp-headline-block-jkhbii|false\" class=\"sp-css-target sp-headline-block-jkhbii\" style=\"font-size: 31px; font-weight: bold; font-style: normal; font-family: Montserrat; text-transform: capitalize; color: rgb(50, 27, 38); text-align: center; padding: 10px; margin-top: 0px;\">A bient\u00f4t<\/h1>\n<figure id=\"sp-s5q9wg\" class=\"sp-image-wrapper\" style=\"margin-top: 0px; padding: 10px; text-align: center;\"><span><img src=\"https:\/\/cdesign-agence.com\/wp-content\/uploads\/2021\/12\/LOGO-CDESIGN-AGENCEMENT.png\" alt=\"\" data-mobile-visibility=\".sp-image-block-s5q9wg|false\" data-desktop-visibility=\".sp-image-block-s5q9wg|false\" srcset=\" https:\/\/cdesign-agence.com\/wp-content\/uploads\/2021\/12\/LOGO-CDESIGN-AGENCEMENT-150x150.png 150w, https:\/\/cdesign-agence.com\/wp-content\/uploads\/2021\/12\/LOGO-CDESIGN-AGENCEMENT-300x107.png 300w, https:\/\/cdesign-agence.com\/wp-content\/uploads\/2021\/12\/LOGO-CDESIGN-AGENCEMENT.png 1000w\" class=\"sp-image-block-s5q9wg\"><\/span><\/figure>\n<div id=\"sp-mzemmn\" data-mobile-css=\"\" data-mobile-visibility=\".sp-text-wrapper-mzemmn|false\" data-desktop-visibility=\".sp-text-wrapper-mzemmn|false\" class=\"sp-css-target sp-text-wrapper sp-text-wrapper-mzemmn\" style=\"font-size: 12px; font-family: Montserrat; padding: 10px; margin-top: 0px; text-align: center;\">\n<p>Contact :<\/p>\n<p>info@cdesign-agence.com<\/p>\n<\/div>\n<\/div>\n<\/div>\n<\/section>\n<section id=\"sp-dgm1fo\" class=\"sp-el-section \" style=\"width: 100%; max-width: 100%; padding: 10px;\">\n<div id=\"sp-hubdih\" class=\"sp-el-row sm:sp-flex sp-justify-between sp-w-full  sp-m-auto\" style=\"padding: 0px; width: auto; max-width: 1000px;\">\n<div id=\"sp-zuzet8\" class=\"sp-el-col sp-p-4  sp-w-full\" style=\"width: calc(100% - 0px); padding: 10px;\">\n<div id=\"sp-v5yst7\" data-mobile-css=\"\" data-mobile-visibility=\".sp-text-wrapper-v5yst7|false\" data-desktop-visibility=\".sp-text-wrapper-v5yst7|false\" class=\"sp-css-target sp-text-wrapper sp-text-wrapper-v5yst7\" style=\"font-size: 10px; font-weight: 100; font-style: italic; font-family: Montserrat; padding: 10px; margin-top: 0px; text-align: center;\">\n<p>\u00a9\ufe0f2021&nbsp; par CDESIGN AGENCEMENT. Tous droits r\u00e9serv\u00e9s<\/p>\n<\/div>\n<\/div>\n<\/div>\n<\/section>\n<\/div>\n","protected":false},"excerpt":{"rendered":"<p>Site en construction A bient\u00f4t Contact : info@cdesign-agence.com \u00a9\ufe0f2021&nbsp; par CDESIGN AGENCEMENT. Tous droits r\u00e9serv\u00e9s<\/p>\n","protected":false},"author":1,"featured_media":0,"parent":0,"menu_order":0,"comment_status":"closed","ping_status":"closed","template":"","meta":[],"yoast_head":"<!-- This site is optimized with the Yoast SEO plugin v17.8 - https:\/\/yoast.com\/wordpress\/plugins\/seo\/ -->\n<title>Design et agencement d&#039;espaces - CDESIGN AGENCEMENT<\/title>\n<meta name=\"description\" content=\"Agencement d&#039;espaces int\u00e9rieurs et ext\u00e9rieurs pour particuliers et professionnels, sur la c\u00f4te sud des landes et le pays basque.\" \/>\n<meta name=\"robots\" content=\"index, follow, max-snippet:-1, max-image-preview:large, max-video-preview:-1\" \/>\n<link rel=\"canonical\" href=\"https:\/\/cdesign-agence.com\/\" \/>\n<meta property=\"og:locale\" content=\"fr_FR\" \/>\n<meta property=\"og:type\" content=\"article\" \/>\n<meta property=\"og:title\" content=\"Design et agencement d&#039;espaces - CDESIGN AGENCEMENT\" \/>\n<meta property=\"og:description\" content=\"Agencement d&#039;espaces int\u00e9rieurs et ext\u00e9rieurs pour particuliers et professionnels, sur la c\u00f4te sud des landes et le pays basque.\" \/>\n<meta property=\"og:url\" content=\"https:\/\/cdesign-agence.com\/\" \/>\n<meta property=\"og:site_name\" content=\"CDESIGN AGENCEMENT\" \/>\n<meta property=\"article:modified_time\" content=\"2021-12-16T15:48:00+00:00\" \/>\n<meta property=\"og:image\" content=\"https:\/\/cdesign-agence.com\/wp-content\/uploads\/2021\/12\/DESSIN-CDESIGN.png\" \/>\n<meta name=\"twitter:card\" content=\"summary_large_image\" \/>\n<meta name=\"twitter:label1\" content=\"Dur\u00e9e de lecture estim\u00e9e\" \/>\n\t<meta name=\"twitter:data1\" content=\"1 minute\" \/>\n<script type=\"application\/ld+json\" class=\"yoast-schema-graph\">{\"@context\":\"https:\/\/schema.org\",\"@graph\":[{\"@type\":\"Organization\",\"@id\":\"https:\/\/cdesign-agence.com\/#organization\",\"name\":\"CDESIGN AGENCEMENT\",\"url\":\"https:\/\/cdesign-agence.com\/\",\"sameAs\":[],\"logo\":{\"@type\":\"ImageObject\",\"@id\":\"https:\/\/cdesign-agence.com\/#logo\",\"inLanguage\":\"fr-FR\",\"url\":\"https:\/\/cdesign-agence.com\/wp-content\/uploads\/2021\/12\/LOGO.png\",\"contentUrl\":\"https:\/\/cdesign-agence.com\/wp-content\/uploads\/2021\/12\/LOGO.png\",\"width\":270,\"height\":287,\"caption\":\"CDESIGN AGENCEMENT\"},\"image\":{\"@id\":\"https:\/\/cdesign-agence.com\/#logo\"}},{\"@type\":\"WebSite\",\"@id\":\"https:\/\/cdesign-agence.com\/#website\",\"url\":\"https:\/\/cdesign-agence.com\/\",\"name\":\"CDESIGN AGENCEMENT\",\"description\":\"\",\"publisher\":{\"@id\":\"https:\/\/cdesign-agence.com\/#organization\"},\"potentialAction\":[{\"@type\":\"SearchAction\",\"target\":{\"@type\":\"EntryPoint\",\"urlTemplate\":\"https:\/\/cdesign-agence.com\/?s={search_term_string}\"},\"query-input\":\"required name=search_term_string\"}],\"inLanguage\":\"fr-FR\"},{\"@type\":\"ImageObject\",\"@id\":\"https:\/\/cdesign-agence.com\/#primaryimage\",\"inLanguage\":\"fr-FR\",\"url\":\"https:\/\/cdesign-agence.com\/wp-content\/uploads\/2021\/12\/DESSIN-CDESIGN.png\",\"contentUrl\":\"https:\/\/cdesign-agence.com\/wp-content\/uploads\/2021\/12\/DESSIN-CDESIGN.png\",\"width\":1000,\"height\":1000,\"caption\":\"Dessin agencement int\\u00e9rieur et ext\\u00e9rieur\"},{\"@type\":\"WebPage\",\"@id\":\"https:\/\/cdesign-agence.com\/#webpage\",\"url\":\"https:\/\/cdesign-agence.com\/\",\"name\":\"Design et agencement d'espaces - CDESIGN AGENCEMENT\",\"isPartOf\":{\"@id\":\"https:\/\/cdesign-agence.com\/#website\"},\"primaryImageOfPage\":{\"@id\":\"https:\/\/cdesign-agence.com\/#primaryimage\"},\"datePublished\":\"2021-12-16T14:06:07+00:00\",\"dateModified\":\"2021-12-16T15:48:00+00:00\",\"description\":\"Agencement d'espaces int\\u00e9rieurs et ext\\u00e9rieurs pour particuliers et professionnels, sur la c\\u00f4te sud des landes et le pays basque.\",\"breadcrumb\":{\"@id\":\"https:\/\/cdesign-agence.com\/#breadcrumb\"},\"inLanguage\":\"fr-FR\",\"potentialAction\":[{\"@type\":\"ReadAction\",\"target\":[\"https:\/\/cdesign-agence.com\/\"]}]},{\"@type\":\"BreadcrumbList\",\"@id\":\"https:\/\/cdesign-agence.com\/#breadcrumb\",\"itemListElement\":[{\"@type\":\"ListItem\",\"position\":1,\"name\":\"Accueil\",\"item\":\"https:\/\/cdesign-agence.com\/\"},{\"@type\":\"ListItem\",\"position\":2,\"name\":\"Accueil\"}]}]}<\/script>\n<!-- \/ Yoast SEO plugin. -->","yoast_head_json":{"title":"Design et agencement d'espaces - CDESIGN AGENCEMENT","description":"Agencement d'espaces int\u00e9rieurs et ext\u00e9rieurs pour particuliers et professionnels, sur la c\u00f4te sud des landes et le pays basque.","robots":{"index":"index","follow":"follow","max-snippet":"max-snippet:-1","max-image-preview":"max-image-preview:large","max-video-preview":"max-video-preview:-1"},"canonical":"https:\/\/cdesign-agence.com\/","og_locale":"fr_FR","og_type":"article","og_title":"Design et agencement d'espaces - CDESIGN AGENCEMENT","og_description":"Agencement d'espaces int\u00e9rieurs et ext\u00e9rieurs pour particuliers et professionnels, sur la c\u00f4te sud des landes et le pays basque.","og_url":"https:\/\/cdesign-agence.com\/","og_site_name":"CDESIGN AGENCEMENT","article_modified_time":"2021-12-16T15:48:00+00:00","og_image":[{"url":"https:\/\/cdesign-agence.com\/wp-content\/uploads\/2021\/12\/DESSIN-CDESIGN.png"}],"twitter_card":"summary_large_image","twitter_misc":{"Dur\u00e9e de lecture estim\u00e9e":"1 minute"},"schema":{"@context":"https:\/\/schema.org","@graph":[{"@type":"Organization","@id":"https:\/\/cdesign-agence.com\/#organization","name":"CDESIGN AGENCEMENT","url":"https:\/\/cdesign-agence.com\/","sameAs":[],"logo":{"@type":"ImageObject","@id":"https:\/\/cdesign-agence.com\/#logo","inLanguage":"fr-FR","url":"https:\/\/cdesign-agence.com\/wp-content\/uploads\/2021\/12\/LOGO.png","contentUrl":"https:\/\/cdesign-agence.com\/wp-content\/uploads\/2021\/12\/LOGO.png","width":270,"height":287,"caption":"CDESIGN AGENCEMENT"},"image":{"@id":"https:\/\/cdesign-agence.com\/#logo"}},{"@type":"WebSite","@id":"https:\/\/cdesign-agence.com\/#website","url":"https:\/\/cdesign-agence.com\/","name":"CDESIGN AGENCEMENT","description":"","publisher":{"@id":"https:\/\/cdesign-agence.com\/#organization"},"potentialAction":[{"@type":"SearchAction","target":{"@type":"EntryPoint","urlTemplate":"https:\/\/cdesign-agence.com\/?s={search_term_string}"},"query-input":"required name=search_term_string"}],"inLanguage":"fr-FR"},{"@type":"ImageObject","@id":"https:\/\/cdesign-agence.com\/#primaryimage","inLanguage":"fr-FR","url":"https:\/\/cdesign-agence.com\/wp-content\/uploads\/2021\/12\/DESSIN-CDESIGN.png","contentUrl":"https:\/\/cdesign-agence.com\/wp-content\/uploads\/2021\/12\/DESSIN-CDESIGN.png","width":1000,"height":1000,"caption":"Dessin agencement int\u00e9rieur et ext\u00e9rieur"},{"@type":"WebPage","@id":"https:\/\/cdesign-agence.com\/#webpage","url":"https:\/\/cdesign-agence.com\/","name":"Design et agencement d'espaces - CDESIGN AGENCEMENT","isPartOf":{"@id":"https:\/\/cdesign-agence.com\/#website"},"primaryImageOfPage":{"@id":"https:\/\/cdesign-agence.com\/#primaryimage"},"datePublished":"2021-12-16T14:06:07+00:00","dateModified":"2021-12-16T15:48:00+00:00","description":"Agencement d'espaces int\u00e9rieurs et ext\u00e9rieurs pour particuliers et professionnels, sur la c\u00f4te sud des landes et le pays basque.","breadcrumb":{"@id":"https:\/\/cdesign-agence.com\/#breadcrumb"},"inLanguage":"fr-FR","potentialAction":[{"@type":"ReadAction","target":["https:\/\/cdesign-agence.com\/"]}]},{"@type":"BreadcrumbList","@id":"https:\/\/cdesign-agence.com\/#breadcrumb","itemListElement":[{"@type":"ListItem","position":1,"name":"Accueil","item":"https:\/\/cdesign-agence.com\/"},{"@type":"ListItem","position":2,"name":"Accueil"}]}]}},"_links":{"self":[{"href":"https:\/\/cdesign-agence.com\/index.php\/wp-json\/wp\/v2\/pages\/8"}],"collection":[{"href":"https:\/\/cdesign-agence.com\/index.php\/wp-json\/wp\/v2\/pages"}],"about":[{"href":"https:\/\/cdesign-agence.com\/index.php\/wp-json\/wp\/v2\/types\/page"}],"author":[{"embeddable":true,"href":"https:\/\/cdesign-agence.com\/index.php\/wp-json\/wp\/v2\/users\/1"}],"replies":[{"embeddable":true,"href":"https:\/\/cdesign-agence.com\/index.php\/wp-json\/wp\/v2\/comments?post=8"}],"version-history":[{"count":12,"href":"https:\/\/cdesign-agence.com\/index.php\/wp-json\/wp\/v2\/pages\/8\/revisions"}],"predecessor-version":[{"id":37,"href":"https:\/\/cdesign-agence.com\/index.php\/wp-json\/wp\/v2\/pages\/8\/revisions\/37"}],"wp:attachment":[{"href":"https:\/\/cdesign-agence.com\/index.php\/wp-json\/wp\/v2\/media?parent=8"}],"curies":[{"name":"wp","href":"https:\/\/api.w.org\/{rel}","templated":true}]}}